{"id":9471,"date":"2024-05-10T19:29:43","date_gmt":"2024-05-10T19:29:43","guid":{"rendered":"https:\/\/hundepflege-online.de\/?page_id=9471"},"modified":"2024-05-22T09:56:24","modified_gmt":"2024-05-22T09:56:24","slug":"home","status":"publish","type":"page","link":"https:\/\/hundepflege-online.de\/nl\/home\/","title":{"rendered":"Homepage"},"content":{"rendered":"<div class=\"wp-block-uagb-container uagb-block-d0279540 alignfull uagb-is-root-container\"><div class=\"uagb-container-inner-blocks-wrap\"><div class=\"wp-block-uagb-container uagb-block-30687008\"><div class=\"wp-block-uagb-container uagb-block-56401c71\"><h3 class=\"wp-block-heading has-ast-global-color-5-color has-text-color has-link-color wp-elements-cf74634bf2e6a24dc3575fc1d2ece71a\"><a href=\"https:\/\/hundepflege-online.de\/video\" data-type=\"page\" data-id=\"9176\">Professionele verzorging van honden.<\/a><\/h3>\n\n<p class=\"has-white-color has-text-color has-link-color wp-elements-47e5d11158be479653f2359c5e6ad752\"><strong>In den Niederlanden haben wir bereits eine online-Videothek mit mehr als 400 Videos aufgebaut von 44 Hunderassen.\u00a0 F\u00fcr deutsche Hundefris\u00f6re werden wir diese Videos<\/strong> <a href=\"https:\/\/hundepflege-online.de\/video\" data-type=\"link\" data-id=\"https:\/\/hundeplege-online.de\/video\">https:\/\/hundepflege-online.de\/video<\/a><strong> in deutscher Sprache aufnehmen. Das wird einige Zeit <\/strong>dauern, aber die h\u00e4ufigsten Videos werden wir bis Ende dieses Jahres fertig haben. Ein Abonnement, das den Zugriff auf die Videos erm\u00f6glicht, wird Ende dieses Jahres verf\u00fcgbar sein.<\/p>\n\n<h3 class=\"wp-block-heading has-ast-global-color-5-color has-text-color has-link-color wp-elements-f3da5d620eb6dfc9cca60c668ed250d0\"><strong><strong>We laten in video&#8217;s zien hoe je honden verzorgt.<\/strong><\/strong><\/h3>\n\n<p class=\"has-white-color has-text-color has-link-color wp-elements-353bb62598c9bc238cdd4901febfd52e\"><strong>Hondentrimmen is een vak, je doet het niet zomaar, het vereist een grondige opleiding. Soms klinkt het heel verleidelijk, <\/strong>Het borstelen en kammen van honden is leuk, maar er komt <strong>veel meer<\/strong> kijken bij hondentrimtraining.<\/p><\/div>\n\n<div class=\"wp-block-uagb-container uagb-block-96d9ac7a\"><h3 class=\"wp-block-heading has-ast-global-color-5-color has-text-color has-link-color wp-elements-7bd7af010c2ce385b54a9edbf340be61\">Webwinkel.<\/h3>\n\n<p class=\"has-white-color has-text-color has-link-color wp-elements-97414c3267aff40e78fb083325b39514\">In onze webwinkel vind je artikelen voor een professionele kapsalon. We verkopen prachtige klantenkaarten, voor hond of kat, per 45 stuks, maar ook als startset met 280 klantenkaarten en bijpassende klantenkaarthouder en tabbladenset. De afsprakenkaartjes van de kapsalon, &#8216;Mijn eerste keer&#8217;, <strong>Condoleancekaarten en dergelijke zijn beschikbaar. Er worden ook verschillende promotie artikelen aangeboden.<\/strong><\/p><\/div><\/div>\n\n<div class=\"wp-block-uagb-container uagb-block-b6bd4ed1\"><h3 class=\"wp-block-heading has-white-color has-text-color has-link-color wp-elements-4d9ccaf4cc07b2fa91bb145fc1072994\">ONZE FILMSTERREN WACHTEN OP JE!<\/h3><\/div><\/div><\/div>","protected":false},"excerpt":{"rendered":"<p>Professionele verzorging van honden. In den Niederlanden haben wir bereits eine online-Videothek mit mehr als 400 Videos aufgebaut von 44 [&hellip;]<\/p>\n","protected":false},"author":1,"featured_media":0,"parent":0,"menu_order":0,"comment_status":"closed","ping_status":"closed","template":"","meta":{"_uag_custom_page_level_css":"","site-sidebar-layout":"default","site-content-layout":"","ast-site-content-layout":"","site-content-style":"default","site-sidebar-style":"default","ast-global-header-display":"","ast-banner-title-visibility":"disabled","ast-main-header-display":"","ast-hfb-above-header-display":"","ast-hfb-below-header-display":"","ast-hfb-mobile-header-display":"","site-post-title":"","ast-breadcrumbs-content":"","ast-featured-img":"","footer-sml-layout":"","theme-transparent-header-meta":"","adv-header-id-meta":"","stick-header-meta":"","header-above-stick-meta":"","header-main-stick-meta":"","header-below-stick-meta":"","astra-migrate-meta-layouts":"default","ast-page-background-enabled":"default","ast-page-background-meta":{"desktop":{"background-color":"var(--ast-global-color-4)","background-image":"","background-repeat":"repeat","background-position":"center center","background-size":"auto","background-attachment":"scroll","background-type":"","background-media":"","overlay-type":"","overlay-color":"","overlay-opacity":"","overlay-gradient":""},"tablet":{"background-color":"","background-image":"","background-repeat":"repeat","background-position":"center center","background-size":"auto","background-attachment":"scroll","background-type":"","background-media":"","overlay-type":"","overlay-color":"","overlay-opacity":"","overlay-gradient":""},"mobile":{"background-color":"","background-image":"","background-repeat":"repeat","background-position":"center center","background-size":"auto","background-attachment":"scroll","background-type":"","background-media":"","overlay-type":"","overlay-color":"","overlay-opacity":"","overlay-gradient":""}},"ast-content-background-meta":{"desktop":{"background-color":"var(--ast-global-color-5)","background-image":"","background-repeat":"repeat","background-position":"center center","background-size":"auto","background-attachment":"scroll","background-type":"","background-media":"","overlay-type":"","overlay-color":"","overlay-opacity":"","overlay-gradient":""},"tablet":{"background-color":"var(--ast-global-color-5)","background-image":"","background-repeat":"repeat","background-position":"center center","background-size":"auto","background-attachment":"scroll","background-type":"","background-media":"","overlay-type":"","overlay-color":"","overlay-opacity":"","overlay-gradient":""},"mobile":{"background-color":"var(--ast-global-color-5)","background-image":"","background-repeat":"repeat","background-position":"center center","background-size":"auto","background-attachment":"scroll","background-type":"","background-media":"","overlay-type":"","overlay-color":"","overlay-opacity":"","overlay-gradient":""}},"footnotes":""},"class_list":["post-9471","page","type-page","status-publish","hentry"],"uagb_featured_image_src":{"full":false,"thumbnail":false,"medium":false,"medium_large":false,"large":false,"1536x1536":false,"2048x2048":false,"woocommerce_thumbnail":false,"woocommerce_single":false,"woocommerce_gallery_thumbnail":false},"uagb_author_info":{"display_name":"bert","author_link":"https:\/\/hundepflege-online.de\/nl\/blog\/author\/bert\/"},"uagb_comment_info":0,"uagb_excerpt":"Professionele verzorging van honden. In den Niederlanden haben wir bereits eine online-Videothek mit mehr als 400 Videos aufgebaut von 44 [&hellip;]","_links":{"self":[{"href":"https:\/\/hundepflege-online.de\/nl\/wp-json\/wp\/v2\/pages\/9471","targetHints":{"allow":["GET"]}}],"collection":[{"href":"https:\/\/hundepflege-online.de\/nl\/wp-json\/wp\/v2\/pages"}],"about":[{"href":"https:\/\/hundepflege-online.de\/nl\/wp-json\/wp\/v2\/types\/page"}],"author":[{"embeddable":true,"href":"https:\/\/hundepflege-online.de\/nl\/wp-json\/wp\/v2\/users\/1"}],"replies":[{"embeddable":true,"href":"https:\/\/hundepflege-online.de\/nl\/wp-json\/wp\/v2\/comments?post=9471"}],"version-history":[{"count":11,"href":"https:\/\/hundepflege-online.de\/nl\/wp-json\/wp\/v2\/pages\/9471\/revisions"}],"predecessor-version":[{"id":9772,"href":"https:\/\/hundepflege-online.de\/nl\/wp-json\/wp\/v2\/pages\/9471\/revisions\/9772"}],"wp:attachment":[{"href":"https:\/\/hundepflege-online.de\/nl\/wp-json\/wp\/v2\/media?parent=9471"}],"curies":[{"name":"wp","href":"https:\/\/api.w.org\/{rel}","templated":true}]}}